{"id":3903,"date":"2025-10-09T14:33:54","date_gmt":"2025-10-09T12:33:54","guid":{"rendered":"https:\/\/andrea360.eu\/?page_id=3903"},"modified":"2025-10-28T23:27:56","modified_gmt":"2025-10-28T21:27:56","slug":"referral-program","status":"publish","type":"page","link":"https:\/\/andrea360.eu\/en\/refferal-program\/","title":{"rendered":"Referral Program"},"content":{"rendered":"<div data-elementor-type=\"wp-page\" data-elementor-id=\"3903\" class=\"elementor elementor-3903\">\n\t\t\t\t<div class=\"elementor-element elementor-element-1ef7a504 e-con-full overflowx e-flex e-con e-parent\" data-id=\"1ef7a504\" data-element_type=\"container\" data-e-type=\"container\">\n\t\t\t\t<div class=\"elementor-element elementor-element-4d6b4d7 elementor-absolute elementor-widget elementor-widget-image\" data-id=\"4d6b4d7\" data-element_type=\"widget\" data-e-type=\"widget\" data-settings=\"{&quot;_position&quot;:&quot;absolute&quot;}\" data-widget_type=\"image.default\">\n\t\t\t\t\t\t\t\t\t\t\t\t\t\t\t<img fetchpriority=\"high\" decoding=\"async\" width=\"800\" height=\"447\" src=\"https:\/\/andrea360.eu\/wp-content\/uploads\/2025\/10\/Gradient-1024x572.png\" class=\"attachment-large size-large wp-image-3881\" alt=\"\" srcset=\"https:\/\/andrea360.eu\/wp-content\/uploads\/2025\/10\/Gradient-1024x572.png 1024w, https:\/\/andrea360.eu\/wp-content\/uploads\/2025\/10\/Gradient-300x168.png 300w, https:\/\/andrea360.eu\/wp-content\/uploads\/2025\/10\/Gradient-768x429.png 768w, https:\/\/andrea360.eu\/wp-content\/uploads\/2025\/10\/Gradient-18x10.png 18w, https:\/\/andrea360.eu\/wp-content\/uploads\/2025\/10\/Gradient.png 1440w\" sizes=\"(max-width: 800px) 100vw, 800px\" \/>\t\t\t\t\t\t\t\t\t\t\t\t\t\t\t<\/div>\n\t\t<div class=\"elementor-element elementor-element-25f9926e hero-industries e-flex e-con-boxed e-con e-child\" data-id=\"25f9926e\" data-element_type=\"container\" data-e-type=\"container\" data-settings=\"{&quot;background_background&quot;:&quot;classic&quot;}\">\n\t\t\t\t\t<div class=\"e-con-inner\">\n\t\t<div class=\"elementor-element elementor-element-2b28866c e-con-full e-flex e-con e-child\" data-id=\"2b28866c\" data-element_type=\"container\" data-e-type=\"container\">\n\t\t<div class=\"elementor-element elementor-element-7b3c18c0 e-con-full e-flex e-con e-child\" data-id=\"7b3c18c0\" data-element_type=\"container\" data-e-type=\"container\">\n\t\t\t\t<div class=\"elementor-element elementor-element-5677ad08 elementor-widget elementor-widget-heading\" data-id=\"5677ad08\" data-element_type=\"widget\" data-e-type=\"widget\" data-widget_type=\"heading.default\">\n\t\t\t\t\t<h1 class=\"elementor-heading-title elementor-size-default\">Recommend us to your contacts and earn!\n<\/h1>\t\t\t\t<\/div>\n\t\t\t\t<div class=\"elementor-element elementor-element-3c11007d elementor-widget elementor-widget-text-editor\" data-id=\"3c11007d\" data-element_type=\"widget\" data-e-type=\"widget\" data-widget_type=\"text-editor.default\">\n\t\t\t\t\t\t\t\t\t<p>If you know a club, studio or clinic that would benefit from Andrea360 in their daily business, recommend us and win a cash prize when they become our client.<\/p><p>We\u2019ve developed different partnership models depending on how involved you are in the agreement.<\/p>\t\t\t\t\t\t\t\t<\/div>\n\t\t\t\t<\/div>\n\t\t<div class=\"elementor-element elementor-element-87f9bd e-con-full gradient-border e-flex e-con e-child\" data-id=\"87f9bd\" data-element_type=\"container\" data-e-type=\"container\">\n\t\t\t\t<div class=\"elementor-element elementor-element-67c1543f elementor-widget elementor-widget-image\" data-id=\"67c1543f\" data-element_type=\"widget\" data-e-type=\"widget\" data-widget_type=\"image.default\">\n\t\t\t\t\t\t\t\t\t\t\t\t\t\t\t<img decoding=\"async\" width=\"800\" height=\"534\" data-src=\"https:\/\/andrea360.eu\/wp-content\/uploads\/2025\/10\/DSC00691-1024x684.webp\" class=\"attachment-large size-large wp-image-4826 lazyload\" alt=\"\" data-srcset=\"https:\/\/andrea360.eu\/wp-content\/uploads\/2025\/10\/DSC00691-1024x684.webp 1024w, https:\/\/andrea360.eu\/wp-content\/uploads\/2025\/10\/DSC00691-300x200.webp 300w, https:\/\/andrea360.eu\/wp-content\/uploads\/2025\/10\/DSC00691-768x513.webp 768w, https:\/\/andrea360.eu\/wp-content\/uploads\/2025\/10\/DSC00691-1536x1026.webp 1536w, https:\/\/andrea360.eu\/wp-content\/uploads\/2025\/10\/DSC00691-18x12.webp 18w, https:\/\/andrea360.eu\/wp-content\/uploads\/2025\/10\/DSC00691.webp 2048w\" data-sizes=\"(max-width: 800px) 100vw, 800px\" src=\"data:image\/svg+xml;base64,PHN2ZyB3aWR0aD0iMSIgaGVpZ2h0PSIxIiB4bWxucz0iaHR0cDovL3d3dy53My5vcmcvMjAwMC9zdmciPjwvc3ZnPg==\" style=\"--smush-placeholder-width: 800px; --smush-placeholder-aspect-ratio: 800\/534;\" \/>\t\t\t\t\t\t\t\t\t\t\t\t\t\t\t<\/div>\n\t\t\t\t<\/div>\n\t\t\t\t<\/div>\n\t\t\t\t\t<\/div>\n\t\t\t\t<\/div>\n\t\t<div class=\"elementor-element elementor-element-49db14e three-cards e-flex e-con-boxed e-con e-child\" data-id=\"49db14e\" data-element_type=\"container\" data-e-type=\"container\">\n\t\t\t\t\t<div class=\"e-con-inner\">\n\t\t<div class=\"elementor-element elementor-element-766c50f e-con-full scroll-inner e-flex e-con e-child\" data-id=\"766c50f\" data-element_type=\"container\" data-e-type=\"container\">\n\t\t<div class=\"elementor-element elementor-element-1e0e108 e-con-full scroll-card e-flex e-con e-child\" data-id=\"1e0e108\" data-element_type=\"container\" data-e-type=\"container\" data-settings=\"{&quot;background_background&quot;:&quot;classic&quot;}\">\n\t\t\t\t<div class=\"elementor-element elementor-element-be60f66 elementor-hidden-desktop elementor-hidden-laptop elementor-hidden-tablet_extra elementor-hidden-tablet elementor-hidden-mobile elementor-widget elementor-widget-text-editor\" data-id=\"be60f66\" data-element_type=\"widget\" data-e-type=\"widget\" data-widget_type=\"text-editor.default\">\n\t\t\t\t\t\t\t\t\t<p><span class=\"gradient-text gradient-text-number\">0%<\/span> <span class=\"blue-text\">of an annual deal<\/span><\/p>\t\t\t\t\t\t\t\t<\/div>\n\t\t\t\t<div class=\"elementor-element elementor-element-a5c7280 elementor-widget elementor-widget-heading\" data-id=\"a5c7280\" data-element_type=\"widget\" data-e-type=\"widget\" data-widget_type=\"heading.default\">\n\t\t\t\t\t<h5 class=\"elementor-heading-title elementor-size-default\">Send a recommendation to your contact\n<\/h5>\t\t\t\t<\/div>\n\t\t\t\t<div class=\"elementor-element elementor-element-edcee5e elementor-widget elementor-widget-text-editor\" data-id=\"edcee5e\" data-element_type=\"widget\" data-e-type=\"widget\" data-widget_type=\"text-editor.default\">\n\t\t\t\t\t\t\t\t\t<p>Recommend us to a club, salon or clinic that uses notebooks, spreadsheets or is looking for a better system for membership fees, business and billing.<\/p>\t\t\t\t\t\t\t\t<\/div>\n\t\t\t\t<\/div>\n\t\t<div class=\"elementor-element elementor-element-56ca840 e-con-full scroll-card e-flex e-con e-child\" data-id=\"56ca840\" data-element_type=\"container\" data-e-type=\"container\" data-settings=\"{&quot;background_background&quot;:&quot;classic&quot;}\">\n\t\t\t\t<div class=\"elementor-element elementor-element-2082af9 elementor-hidden-desktop elementor-hidden-laptop elementor-hidden-tablet_extra elementor-hidden-tablet elementor-hidden-mobile elementor-widget elementor-widget-text-editor\" data-id=\"2082af9\" data-element_type=\"widget\" data-e-type=\"widget\" data-widget_type=\"text-editor.default\">\n\t\t\t\t\t\t\t\t\t<p><span class=\"gradient-text gradient-text-number\">15%<\/span> <span class=\"blue-text\">of an annual deal<\/span><\/p>\t\t\t\t\t\t\t\t<\/div>\n\t\t\t\t<div class=\"elementor-element elementor-element-e333bf2 elementor-widget elementor-widget-heading\" data-id=\"e333bf2\" data-element_type=\"widget\" data-e-type=\"widget\" data-widget_type=\"heading.default\">\n\t\t\t\t\t<h5 class=\"elementor-heading-title elementor-size-default\">Connect us<\/h5>\t\t\t\t<\/div>\n\t\t\t\t<div class=\"elementor-element elementor-element-13608ba elementor-widget elementor-widget-text-editor\" data-id=\"13608ba\" data-element_type=\"widget\" data-e-type=\"widget\" data-widget_type=\"text-editor.default\">\n\t\t\t\t\t\t\t\t\t<p>After your referral contacts us, we&#039;ll introduce Andrea360 to a free demo and find out how best we can help.<\/p>\t\t\t\t\t\t\t\t<\/div>\n\t\t\t\t<\/div>\n\t\t<div class=\"elementor-element elementor-element-a28b85b e-con-full scroll-card e-flex e-con e-child\" data-id=\"a28b85b\" data-element_type=\"container\" data-e-type=\"container\" data-settings=\"{&quot;background_background&quot;:&quot;classic&quot;}\">\n\t\t\t\t<div class=\"elementor-element elementor-element-87dfea9 elementor-hidden-desktop elementor-hidden-laptop elementor-hidden-tablet_extra elementor-hidden-tablet elementor-hidden-mobile elementor-widget elementor-widget-text-editor\" data-id=\"87dfea9\" data-element_type=\"widget\" data-e-type=\"widget\" data-widget_type=\"text-editor.default\">\n\t\t\t\t\t\t\t\t\t<p><span class=\"gradient-text gradient-text-number\">20%<\/span> <span class=\"blue-text\">of an annual deal<\/span><\/p>\t\t\t\t\t\t\t\t<\/div>\n\t\t\t\t<div class=\"elementor-element elementor-element-618db37 elementor-widget elementor-widget-heading\" data-id=\"618db37\" data-element_type=\"widget\" data-e-type=\"widget\" data-widget_type=\"heading.default\">\n\t\t\t\t\t<h5 class=\"elementor-heading-title elementor-size-default\">You get a prize.<\/h5>\t\t\t\t<\/div>\n\t\t\t\t<div class=\"elementor-element elementor-element-feef543 elementor-widget elementor-widget-text-editor\" data-id=\"feef543\" data-element_type=\"widget\" data-e-type=\"widget\" data-widget_type=\"text-editor.default\">\n\t\t\t\t\t\t\t\t\t<p>When a new business becomes an Andrea360 user, you get a monetary reward - simple and transparent.<\/p>\t\t\t\t\t\t\t\t<\/div>\n\t\t\t\t<\/div>\n\t\t\t\t<\/div>\n\t\t\t\t\t<\/div>\n\t\t\t\t<\/div>\n\t\t<div class=\"elementor-element elementor-element-9409056 e-flex e-con-boxed e-con e-child\" data-id=\"9409056\" data-element_type=\"container\" data-e-type=\"container\">\n\t\t\t\t\t<div class=\"e-con-inner\">\n\t\t\t\t<div class=\"elementor-element elementor-element-32e0da8 elementor-widget elementor-widget-heading\" data-id=\"32e0da8\" data-element_type=\"widget\" data-e-type=\"widget\" data-widget_type=\"heading.default\">\n\t\t\t\t\t<h2 class=\"elementor-heading-title elementor-size-default\">Why we are running this program\n<\/h2>\t\t\t\t<\/div>\n\t\t\t\t<div class=\"elementor-element elementor-element-a7372f1 elementor-widget elementor-widget-text-editor\" data-id=\"a7372f1\" data-element_type=\"widget\" data-e-type=\"widget\" data-widget_type=\"text-editor.default\">\n\t\t\t\t\t\t\t\t\t<p>Andrea360 was created with the help of clubs that believed in us from day one. That&#039;s why we want to thank the community - everyone who recommends us helps even more clubs get rid of administration and switch to a smart, automated system.<\/p>\t\t\t\t\t\t\t\t<\/div>\n\t\t\t\t\t<\/div>\n\t\t\t\t<\/div>\n\t\t<div class=\"elementor-element elementor-element-7ff9b60 e-flex e-con-boxed e-con e-child\" data-id=\"7ff9b60\" data-element_type=\"container\" data-e-type=\"container\">\n\t\t\t\t\t<div class=\"e-con-inner\">\n\t\t<div class=\"elementor-element elementor-element-da7b608 gradient-box e-flex e-con-boxed e-con e-child\" data-id=\"da7b608\" data-element_type=\"container\" data-e-type=\"container\">\n\t\t\t\t\t<div class=\"e-con-inner\">\n\t\t<div class=\"elementor-element elementor-element-58b4f9f e-con-full e-flex e-con e-child\" data-id=\"58b4f9f\" data-element_type=\"container\" data-e-type=\"container\">\n\t\t\t\t<div class=\"elementor-element elementor-element-6c843dd elementor-widget elementor-widget-text-editor\" data-id=\"6c843dd\" data-element_type=\"widget\" data-e-type=\"widget\" data-widget_type=\"text-editor.default\">\n\t\t\t\t\t\t\t\t\t<p>Do you have someone in mind?<\/p>\t\t\t\t\t\t\t\t<\/div>\n\t\t\t\t<div class=\"elementor-element elementor-element-6bec11f elementor-widget elementor-widget-text-editor\" data-id=\"6bec11f\" data-element_type=\"widget\" data-e-type=\"widget\" data-widget_type=\"text-editor.default\">\n\t\t\t\t\t\t\t\t\t<p>Contact us for more information!<\/p>\t\t\t\t\t\t\t\t<\/div>\n\t\t\t\t<div class=\"elementor-element elementor-element-644b08a elementor-widget__width-inherit elementor-widget elementor-widget-shortcode\" data-id=\"644b08a\" data-element_type=\"widget\" data-e-type=\"widget\" data-widget_type=\"shortcode.default\">\n\t\t\t\t\t\t\t<div class=\"elementor-shortcode\"><div class=\"forminator-ui forminator-custom-form forminator-custom-form-4625  forminator- forminator_ajax\" data-forminator-render=\"0\" data-form=\"forminator-module-4625\" data-uid=\"69def52867f05\"><br\/><\/div><form\n\t\t\t\tid=\"forminator-module-4625\"\n\t\t\t\tclass=\"forminator-ui forminator-custom-form forminator-custom-form-4625  forminator- forminator_ajax\"\n\t\t\t\tmethod=\"post\"\n\t\t\t\tdata-forminator-render=\"0\"\n\t\t\t\tdata-form-id=\"4625\"\n\t\t\t\t data-color-option=\"theme\" data-design=\"none\" data-grid=\"\" style=\"display: none;\"\n\t\t\t\tdata-uid=\"69def52867f05\" action=\"\"\n\t\t\t><div role=\"alert\" aria-live=\"polite\" class=\"forminator-response-message forminator-error\" aria-hidden=\"true\"><\/div><div class=\"forminator-row\"><div id=\"email-1\" class=\"forminator-field-email forminator-col forminator-col-12  subscribe-input\"><div class=\"forminator-field\"><input type=\"email\" name=\"email-1\" value=\"\" placeholder=\"Email\" id=\"forminator-field-email-1_69def52867f05\" class=\"forminator-input forminator-email--field\" data-required=\"\" aria-required=\"false\" autocomplete=\"email\" \/><\/div><\/div><\/div><input type=\"hidden\" name=\"referer_url\" value=\"\" \/><div class=\"forminator-row forminator-row-last\"><div class=\"forminator-col\"><div class=\"forminator-field\"><button class=\"forminator-button forminator-button-submit subscribe-form-button btn-dark\">Report club<\/button><\/div><\/div><\/div><input type=\"hidden\" id=\"forminator_nonce\" name=\"forminator_nonce\" value=\"81eac5607c\" \/><input type=\"hidden\" name=\"_wp_http_referer\" value=\"\/en\/wp-json\/wp\/v2\/pages\/3903\" \/><input type=\"hidden\" name=\"form_id\" value=\"4625\"><input type=\"hidden\" name=\"page_id\" value=\"3903\"><input type=\"hidden\" name=\"form_type\" value=\"default\"><input type=\"hidden\" name=\"current_url\" value=\"https:\/\/andrea360.eu\/en\/refferal-program\/\"><input type=\"hidden\" name=\"render_id\" value=\"0\"><input type=\"hidden\" name=\"action\" value=\"forminator_submit_form_custom-forms\"><input type=\"hidden\" name=\"trp-form-language\" value=\"en\"\/><\/form><\/div>\n\t\t\t\t\t\t<\/div>\n\t\t\t\t<\/div>\n\t\t\t\t\t<\/div>\n\t\t\t\t<\/div>\n\t\t\t\t\t<\/div>\n\t\t\t\t<\/div>\n\t\t\t\t<\/div>\n\t\t\t\t<\/div>","protected":false},"excerpt":{"rendered":"<p>Preporu\u010di nas svojim kontaktima i zaradi! Ako zna\u0161 klub, studio ili kliniku kojoj bi Andrea360 pomogla u svakodnevnom poslovanju, preporu\u010di nas i osvoji nov\u010danu nagradu kada postanu na\u0161 klijent. Razvili smo razli\u010dite modele saradnje, u zavisnosti od toga koliko si uklju\u010den u dogovor. 0% of a yearly deal Po\u0161alji preporuku svom kontaktu Preporu\u010di nas klubu, [&hellip;]<\/p>\n","protected":false},"author":2,"featured_media":0,"parent":0,"menu_order":0,"comment_status":"closed","ping_status":"closed","template":"","meta":{"_acf_changed":false,"footnotes":""},"class_list":["post-3903","page","type-page","status-publish","hentry"],"acf":[],"_links":{"self":[{"href":"https:\/\/andrea360.eu\/en\/wp-json\/wp\/v2\/pages\/3903","targetHints":{"allow":["GET"]}}],"collection":[{"href":"https:\/\/andrea360.eu\/en\/wp-json\/wp\/v2\/pages"}],"about":[{"href":"https:\/\/andrea360.eu\/en\/wp-json\/wp\/v2\/types\/page"}],"author":[{"embeddable":true,"href":"https:\/\/andrea360.eu\/en\/wp-json\/wp\/v2\/users\/2"}],"replies":[{"embeddable":true,"href":"https:\/\/andrea360.eu\/en\/wp-json\/wp\/v2\/comments?post=3903"}],"version-history":[{"count":112,"href":"https:\/\/andrea360.eu\/en\/wp-json\/wp\/v2\/pages\/3903\/revisions"}],"predecessor-version":[{"id":4957,"href":"https:\/\/andrea360.eu\/en\/wp-json\/wp\/v2\/pages\/3903\/revisions\/4957"}],"wp:attachment":[{"href":"https:\/\/andrea360.eu\/en\/wp-json\/wp\/v2\/media?parent=3903"}],"curies":[{"name":"wp","href":"https:\/\/api.w.org\/{rel}","templated":true}]}}